{"id":6001,"date":"2024-01-18T11:40:30","date_gmt":"2024-01-18T10:40:30","guid":{"rendered":"https:\/\/gardeon.sk\/shop\/?post_type=product&#038;p=6001"},"modified":"2026-04-15T13:38:41","modified_gmt":"2026-04-15T11:38:41","slug":"aluminiumleiste-4-halter-2-haken-kopieren","status":"publish","type":"product","link":"https:\/\/gardeon.at\/shop\/produkt\/aluminiumleiste-4-halter-2-haken-kopieren\/","title":{"rendered":"Aluminiumleiste + 4 Halter + 2 Haken (Kopieren)"},"content":{"rendered":"<p><strong>Packungsinhalt:<\/strong> 0,5 m Schiene, 4 Stk. Werkzeughalter, 2 Stk. Haken, Schrauben und D\u00fcbel<\/p>\n<p><strong>Gewicht:<\/strong> 805 g<\/p>\n<p><strong>Ma\u00dfe:<\/strong> 596 x 200 x 315 (B x T x H mm)<\/p>\n<p><em>Hergestellt in Deutschland.<\/em><\/p>\n","protected":false},"excerpt":{"rendered":"<p>Das Aufh\u00e4ngungssystem wird sicher s\u00e4mtliche Gegenst\u00e4nde aus Holz, Stahl oder Kunststoff mit einem Durchschnitt von 0 bis 50 mm und einem Gewicht bis max. 10 kg halten.<\/p>\n<p>Der Gegenstand muss trocken und rutschsicher sein.<\/p>\n","protected":false},"featured_media":6257,"template":"","meta":{"_acf_changed":false,"inline_featured_image":false},"product_brand":[],"product_cat":[1596],"product_tag":[],"class_list":{"0":"post-6001","1":"product","2":"type-product","3":"status-publish","4":"has-post-thumbnail","6":"product_cat-zubehoer","7":"product_shipping_class-kurier-do-3-kg","9":"first","10":"instock","11":"sale","12":"taxable","13":"shipping-taxable","14":"purchasable","15":"product-type-simple"},"acf":[],"yoast_head":"<!-- This site is optimized with the Yoast SEO plugin v27.5 - https:\/\/yoast.com\/product\/yoast-seo-wordpress\/ -->\n<title>Aluminiumleiste + 4 Halter + 2 Haken (Kopieren) | Gardeon e-shop<\/title>\n<meta name=\"robots\" content=\"index, follow, max-snippet:-1, max-image-preview:large, max-video-preview:-1\" \/>\n<link rel=\"canonical\" href=\"https:\/\/gardeon.at\/shop\/produkt\/aluminiumleiste-4-halter-2-haken-kopieren\/\" \/>\n<meta property=\"og:locale\" content=\"hu_HU\" \/>\n<meta property=\"og:type\" content=\"article\" \/>\n<meta property=\"og:title\" content=\"Aluminiumleiste + 4 Halter + 2 Haken (Kopieren) | Gardeon e-shop\" \/>\n<meta property=\"og:description\" content=\"Das Aufh\u00e4ngungssystem wird sicher s\u00e4mtliche Gegenst\u00e4nde aus Holz, Stahl oder Kunststoff mit einem Durchschnitt von 0 bis 50 mm und einem Gewicht bis max. 10 kg halten.  Der Gegenstand muss trocken und rutschsicher sein.\" \/>\n<meta property=\"og:url\" content=\"https:\/\/gardeon.at\/shop\/produkt\/aluminiumleiste-4-halter-2-haken-kopieren\/\" \/>\n<meta property=\"og:site_name\" content=\"Gardeon e-shop\" \/>\n<meta property=\"article:modified_time\" content=\"2026-04-15T11:38:41+00:00\" \/>\n<meta property=\"og:image\" content=\"https:\/\/gardeon.at\/shop\/wp-content\/uploads\/2024\/01\/gardeon-dialkovy-ovladac-hormann-hse4-2.webp\" \/>\n\t<meta property=\"og:image:width\" content=\"2000\" \/>\n\t<meta property=\"og:image:height\" content=\"1333\" \/>\n\t<meta property=\"og:image:type\" content=\"image\/webp\" \/>\n<meta name=\"twitter:card\" content=\"summary_large_image\" \/>\n<meta name=\"twitter:label1\" content=\"Becs\u00fclt olvas\u00e1si id\u0151\" \/>\n\t<meta name=\"twitter:data1\" content=\"1 perc\" \/>\n<script type=\"application\/ld+json\" class=\"yoast-schema-graph\">{\"@context\":\"https:\\\/\\\/schema.org\",\"@graph\":[{\"@type\":\"WebPage\",\"@id\":\"https:\\\/\\\/gardeon.at\\\/shop\\\/produkt\\\/aluminiumleiste-4-halter-2-haken-kopieren\\\/\",\"url\":\"https:\\\/\\\/gardeon.at\\\/shop\\\/produkt\\\/aluminiumleiste-4-halter-2-haken-kopieren\\\/\",\"name\":\"Aluminiumleiste + 4 Halter + 2 Haken (Kopieren) | Gardeon e-shop\",\"isPartOf\":{\"@id\":\"https:\\\/\\\/gardeon.at\\\/shop\\\/#website\"},\"primaryImageOfPage\":{\"@id\":\"https:\\\/\\\/gardeon.at\\\/shop\\\/produkt\\\/aluminiumleiste-4-halter-2-haken-kopieren\\\/#primaryimage\"},\"image\":{\"@id\":\"https:\\\/\\\/gardeon.at\\\/shop\\\/produkt\\\/aluminiumleiste-4-halter-2-haken-kopieren\\\/#primaryimage\"},\"thumbnailUrl\":\"https:\\\/\\\/gardeon.at\\\/shop\\\/wp-content\\\/uploads\\\/2024\\\/01\\\/gardeon-dialkovy-ovladac-hormann-hse4-2.webp\",\"datePublished\":\"2024-01-18T10:40:30+00:00\",\"dateModified\":\"2026-04-15T11:38:41+00:00\",\"breadcrumb\":{\"@id\":\"https:\\\/\\\/gardeon.at\\\/shop\\\/produkt\\\/aluminiumleiste-4-halter-2-haken-kopieren\\\/#breadcrumb\"},\"inLanguage\":\"hu\",\"potentialAction\":[{\"@type\":\"ReadAction\",\"target\":[\"https:\\\/\\\/gardeon.at\\\/shop\\\/produkt\\\/aluminiumleiste-4-halter-2-haken-kopieren\\\/\"]}]},{\"@type\":\"ImageObject\",\"inLanguage\":\"hu\",\"@id\":\"https:\\\/\\\/gardeon.at\\\/shop\\\/produkt\\\/aluminiumleiste-4-halter-2-haken-kopieren\\\/#primaryimage\",\"url\":\"https:\\\/\\\/gardeon.at\\\/shop\\\/wp-content\\\/uploads\\\/2024\\\/01\\\/gardeon-dialkovy-ovladac-hormann-hse4-2.webp\",\"contentUrl\":\"https:\\\/\\\/gardeon.at\\\/shop\\\/wp-content\\\/uploads\\\/2024\\\/01\\\/gardeon-dialkovy-ovladac-hormann-hse4-2.webp\",\"width\":2000,\"height\":1333},{\"@type\":\"BreadcrumbList\",\"@id\":\"https:\\\/\\\/gardeon.at\\\/shop\\\/produkt\\\/aluminiumleiste-4-halter-2-haken-kopieren\\\/#breadcrumb\",\"itemListElement\":[{\"@type\":\"ListItem\",\"position\":1,\"name\":\"Online Shop GARDEON\",\"item\":\"https:\\\/\\\/gardeon.at\\\/shop\\\/\"},{\"@type\":\"ListItem\",\"position\":2,\"name\":\"Zubeh\u00f6r\",\"item\":\"https:\\\/\\\/gardeon.at\\\/shop\\\/product-category\\\/zubehoer\\\/\"},{\"@type\":\"ListItem\",\"position\":3,\"name\":\"Aluminiumleiste + 4 Halter + 2 Haken (Kopieren)\"}]},{\"@type\":\"WebSite\",\"@id\":\"https:\\\/\\\/gardeon.at\\\/shop\\\/#website\",\"url\":\"https:\\\/\\\/gardeon.at\\\/shop\\\/\",\"name\":\"Gardeon e-shop\",\"description\":\"\",\"potentialAction\":[{\"@type\":\"SearchAction\",\"target\":{\"@type\":\"EntryPoint\",\"urlTemplate\":\"https:\\\/\\\/gardeon.at\\\/shop\\\/?s={search_term_string}\"},\"query-input\":{\"@type\":\"PropertyValueSpecification\",\"valueRequired\":true,\"valueName\":\"search_term_string\"}}],\"inLanguage\":\"hu\"}]}<\/script>\n<!-- \/ Yoast SEO plugin. -->","yoast_head_json":{"title":"Aluminiumleiste + 4 Halter + 2 Haken (Kopieren) | Gardeon e-shop","robots":{"index":"index","follow":"follow","max-snippet":"max-snippet:-1","max-image-preview":"max-image-preview:large","max-video-preview":"max-video-preview:-1"},"canonical":"https:\/\/gardeon.at\/shop\/produkt\/aluminiumleiste-4-halter-2-haken-kopieren\/","og_locale":"hu_HU","og_type":"article","og_title":"Aluminiumleiste + 4 Halter + 2 Haken (Kopieren) | Gardeon e-shop","og_description":"Das Aufh\u00e4ngungssystem wird sicher s\u00e4mtliche Gegenst\u00e4nde aus Holz, Stahl oder Kunststoff mit einem Durchschnitt von 0 bis 50 mm und einem Gewicht bis max. 10 kg halten.  Der Gegenstand muss trocken und rutschsicher sein.","og_url":"https:\/\/gardeon.at\/shop\/produkt\/aluminiumleiste-4-halter-2-haken-kopieren\/","og_site_name":"Gardeon e-shop","article_modified_time":"2026-04-15T11:38:41+00:00","og_image":[{"width":2000,"height":1333,"url":"https:\/\/gardeon.at\/shop\/wp-content\/uploads\/2024\/01\/gardeon-dialkovy-ovladac-hormann-hse4-2.webp","type":"image\/webp"}],"twitter_card":"summary_large_image","twitter_misc":{"Becs\u00fclt olvas\u00e1si id\u0151":"1 perc"},"schema":{"@context":"https:\/\/schema.org","@graph":[{"@type":"WebPage","@id":"https:\/\/gardeon.at\/shop\/produkt\/aluminiumleiste-4-halter-2-haken-kopieren\/","url":"https:\/\/gardeon.at\/shop\/produkt\/aluminiumleiste-4-halter-2-haken-kopieren\/","name":"Aluminiumleiste + 4 Halter + 2 Haken (Kopieren) | Gardeon e-shop","isPartOf":{"@id":"https:\/\/gardeon.at\/shop\/#website"},"primaryImageOfPage":{"@id":"https:\/\/gardeon.at\/shop\/produkt\/aluminiumleiste-4-halter-2-haken-kopieren\/#primaryimage"},"image":{"@id":"https:\/\/gardeon.at\/shop\/produkt\/aluminiumleiste-4-halter-2-haken-kopieren\/#primaryimage"},"thumbnailUrl":"https:\/\/gardeon.at\/shop\/wp-content\/uploads\/2024\/01\/gardeon-dialkovy-ovladac-hormann-hse4-2.webp","datePublished":"2024-01-18T10:40:30+00:00","dateModified":"2026-04-15T11:38:41+00:00","breadcrumb":{"@id":"https:\/\/gardeon.at\/shop\/produkt\/aluminiumleiste-4-halter-2-haken-kopieren\/#breadcrumb"},"inLanguage":"hu","potentialAction":[{"@type":"ReadAction","target":["https:\/\/gardeon.at\/shop\/produkt\/aluminiumleiste-4-halter-2-haken-kopieren\/"]}]},{"@type":"ImageObject","inLanguage":"hu","@id":"https:\/\/gardeon.at\/shop\/produkt\/aluminiumleiste-4-halter-2-haken-kopieren\/#primaryimage","url":"https:\/\/gardeon.at\/shop\/wp-content\/uploads\/2024\/01\/gardeon-dialkovy-ovladac-hormann-hse4-2.webp","contentUrl":"https:\/\/gardeon.at\/shop\/wp-content\/uploads\/2024\/01\/gardeon-dialkovy-ovladac-hormann-hse4-2.webp","width":2000,"height":1333},{"@type":"BreadcrumbList","@id":"https:\/\/gardeon.at\/shop\/produkt\/aluminiumleiste-4-halter-2-haken-kopieren\/#breadcrumb","itemListElement":[{"@type":"ListItem","position":1,"name":"Online Shop GARDEON","item":"https:\/\/gardeon.at\/shop\/"},{"@type":"ListItem","position":2,"name":"Zubeh\u00f6r","item":"https:\/\/gardeon.at\/shop\/product-category\/zubehoer\/"},{"@type":"ListItem","position":3,"name":"Aluminiumleiste + 4 Halter + 2 Haken (Kopieren)"}]},{"@type":"WebSite","@id":"https:\/\/gardeon.at\/shop\/#website","url":"https:\/\/gardeon.at\/shop\/","name":"Gardeon e-shop","description":"","potentialAction":[{"@type":"SearchAction","target":{"@type":"EntryPoint","urlTemplate":"https:\/\/gardeon.at\/shop\/?s={search_term_string}"},"query-input":{"@type":"PropertyValueSpecification","valueRequired":true,"valueName":"search_term_string"}}],"inLanguage":"hu"}]}},"pll_sync_post":{},"lang":"de-at","translations":{"de-at":6001,"sk":5998,"cs":5999,"de-de":6000,"hu":7109},"_links":{"self":[{"href":"https:\/\/gardeon.at\/shop\/wp-json\/wp\/v2\/product\/6001","targetHints":{"allow":["GET"]}}],"collection":[{"href":"https:\/\/gardeon.at\/shop\/wp-json\/wp\/v2\/product"}],"about":[{"href":"https:\/\/gardeon.at\/shop\/wp-json\/wp\/v2\/types\/product"}],"wp:featuredmedia":[{"embeddable":true,"href":"https:\/\/gardeon.at\/shop\/wp-json\/wp\/v2\/media\/6257"}],"wp:attachment":[{"href":"https:\/\/gardeon.at\/shop\/wp-json\/wp\/v2\/media?parent=6001"}],"wp:term":[{"taxonomy":"product_brand","embeddable":true,"href":"https:\/\/gardeon.at\/shop\/wp-json\/wp\/v2\/product_brand?post=6001"},{"taxonomy":"product_cat","embeddable":true,"href":"https:\/\/gardeon.at\/shop\/wp-json\/wp\/v2\/product_cat?post=6001"},{"taxonomy":"product_tag","embeddable":true,"href":"https:\/\/gardeon.at\/shop\/wp-json\/wp\/v2\/product_tag?post=6001"}],"curies":[{"name":"wp","href":"https:\/\/api.w.org\/{rel}","templated":true}]}}