{"id":5615,"date":"2023-10-23T10:29:09","date_gmt":"2023-10-23T08:29:09","guid":{"rendered":"https:\/\/gardeon.sk\/shop\/?post_type=product&#038;p=5615"},"modified":"2023-11-03T13:07:55","modified_gmt":"2023-11-03T12:07:55","slug":"gartenhaus-gardeon-2000x2100mm-1","status":"publish","type":"product","link":"https:\/\/gardeon.at\/shop\/produkt\/gartenhaus-gardeon-2000x2100mm-1\/","title":{"rendered":"Gartenhaus GARDEON | 2000 x 2100 mm"},"content":{"rendered":"<p><strong>Au\u00dfenma\u00dfe:<\/strong> 2000 <b>\u00d7<\/b> 2100\u00a0mm (Breite x Tiefe)<\/p>\n<p><strong>Wandh\u00f6he:<\/strong> 2160 mm<\/p>\n<p><strong>Dachgef\u00e4lle: <\/strong>2370\/2240\u00a0mm<\/p>\n<p><strong>Dachgef\u00e4lle:<\/strong> nach HINTEN (Standard)<\/p>\n<hr \/>\n<p>Ein Gartenhaus mit \u00dcberdachung stellt eine praktische, multifunktionelle L\u00f6sung f\u00fcr jeden Garten dar.<\/p>\n<p>Bei der Nutzung werden Ihrer Fantasie keine Grenzen gesetzt &#8211; die praktischen unter uns k\u00f6nnen das Gartenhaus gerne als Lager f\u00fcr all Gartenwerkzeug oder -m\u00f6bel nutzen. Die \u00dcberdachung kann gerne als Holzlager oder Verstauraum f\u00fcr Fahr- und Motorr\u00e4der dienen. Sch\u00fctzen Sie Ihr Eigentum vor Regen, Schnee und Sonne.<\/p>\n<p><em>Alle Fotos sind rein illustrativ.<\/em><\/p>\n","protected":false},"excerpt":{"rendered":"<p>Au\u00dfenma\u00dfe: 2000 \u00d7 2100\u00a0mm (Breite x Tiefe) Wandh\u00f6he: 2160 mm Dachgef\u00e4lle: 2370\/2240\u00a0mm Dachgef\u00e4lle: nach HINTEN (Standard) Ein Gartenhaus mit \u00dcberdachung<\/p>\n","protected":false},"featured_media":5550,"template":"","meta":{"_acf_changed":false,"inline_featured_image":false},"product_brand":[],"product_cat":[1572,1574],"product_tag":[],"class_list":{"0":"post-5615","1":"product","2":"type-product","3":"status-publish","4":"has-post-thumbnail","6":"product_cat-gartenhaeuser","7":"product_cat-mit-pultdach","8":"product_shipping_class-gardeon-logistik","10":"first","11":"onbackorder","12":"taxable","13":"shipping-taxable","14":"purchasable","15":"product-type-simple"},"acf":[],"yoast_head":"<!-- This site is optimized with the Yoast SEO plugin v27.5 - https:\/\/yoast.com\/product\/yoast-seo-wordpress\/ -->\n<title>Gartenhaus GARDEON | 2000 x 2100 mm<\/title>\n<meta name=\"robots\" content=\"index, follow, max-snippet:-1, max-image-preview:large, max-video-preview:-1\" \/>\n<link rel=\"canonical\" href=\"https:\/\/gardeon.at\/shop\/produkt\/gartenhaus-gardeon-2000x2100mm-1\/\" \/>\n<meta property=\"og:locale\" content=\"hu_HU\" \/>\n<meta property=\"og:type\" content=\"article\" \/>\n<meta property=\"og:title\" content=\"Gartenhaus GARDEON | 2000 x 2100 mm\" \/>\n<meta property=\"og:description\" content=\"Au\u00dfenma\u00dfe: 2000 \u00d7 2100\u00a0mm (Breite x Tiefe) Wandh\u00f6he: 2160 mm Dachgef\u00e4lle: 2370\/2240\u00a0mm Dachgef\u00e4lle: nach HINTEN (Standard) Ein Gartenhaus mit \u00dcberdachung\" \/>\n<meta property=\"og:url\" content=\"https:\/\/gardeon.at\/shop\/produkt\/gartenhaus-gardeon-2000x2100mm-1\/\" \/>\n<meta property=\"og:site_name\" content=\"Gardeon e-shop\" \/>\n<meta property=\"article:modified_time\" content=\"2023-11-03T12:07:55+00:00\" \/>\n<meta property=\"og:image\" content=\"https:\/\/gardeon.at\/shop\/wp-content\/uploads\/2023\/10\/gardeon-zahradny-domcek-pultova-strecha-2000x2100mm-1-scaled.webp\" \/>\n\t<meta property=\"og:image:width\" content=\"2560\" \/>\n\t<meta property=\"og:image:height\" content=\"1440\" \/>\n\t<meta property=\"og:image:type\" content=\"image\/webp\" \/>\n<meta name=\"twitter:card\" content=\"summary_large_image\" \/>\n<meta name=\"twitter:label1\" content=\"Becs\u00fclt olvas\u00e1si id\u0151\" \/>\n\t<meta name=\"twitter:data1\" content=\"1 perc\" \/>\n<script type=\"application\/ld+json\" class=\"yoast-schema-graph\">{\"@context\":\"https:\\\/\\\/schema.org\",\"@graph\":[{\"@type\":\"WebPage\",\"@id\":\"https:\\\/\\\/gardeon.at\\\/shop\\\/produkt\\\/gartenhaus-gardeon-2000x2100mm-1\\\/\",\"url\":\"https:\\\/\\\/gardeon.at\\\/shop\\\/produkt\\\/gartenhaus-gardeon-2000x2100mm-1\\\/\",\"name\":\"Gartenhaus GARDEON | 2000 x 2100 mm\",\"isPartOf\":{\"@id\":\"https:\\\/\\\/gardeon.at\\\/shop\\\/#website\"},\"primaryImageOfPage\":{\"@id\":\"https:\\\/\\\/gardeon.at\\\/shop\\\/produkt\\\/gartenhaus-gardeon-2000x2100mm-1\\\/#primaryimage\"},\"image\":{\"@id\":\"https:\\\/\\\/gardeon.at\\\/shop\\\/produkt\\\/gartenhaus-gardeon-2000x2100mm-1\\\/#primaryimage\"},\"thumbnailUrl\":\"https:\\\/\\\/gardeon.at\\\/shop\\\/wp-content\\\/uploads\\\/2023\\\/10\\\/gardeon-zahradny-domcek-pultova-strecha-2000x2100mm-1-scaled.webp\",\"datePublished\":\"2023-10-23T08:29:09+00:00\",\"dateModified\":\"2023-11-03T12:07:55+00:00\",\"breadcrumb\":{\"@id\":\"https:\\\/\\\/gardeon.at\\\/shop\\\/produkt\\\/gartenhaus-gardeon-2000x2100mm-1\\\/#breadcrumb\"},\"inLanguage\":\"hu\",\"potentialAction\":[{\"@type\":\"ReadAction\",\"target\":[\"https:\\\/\\\/gardeon.at\\\/shop\\\/produkt\\\/gartenhaus-gardeon-2000x2100mm-1\\\/\"]}]},{\"@type\":\"ImageObject\",\"inLanguage\":\"hu\",\"@id\":\"https:\\\/\\\/gardeon.at\\\/shop\\\/produkt\\\/gartenhaus-gardeon-2000x2100mm-1\\\/#primaryimage\",\"url\":\"https:\\\/\\\/gardeon.at\\\/shop\\\/wp-content\\\/uploads\\\/2023\\\/10\\\/gardeon-zahradny-domcek-pultova-strecha-2000x2100mm-1-scaled.webp\",\"contentUrl\":\"https:\\\/\\\/gardeon.at\\\/shop\\\/wp-content\\\/uploads\\\/2023\\\/10\\\/gardeon-zahradny-domcek-pultova-strecha-2000x2100mm-1-scaled.webp\",\"width\":2560,\"height\":1440},{\"@type\":\"BreadcrumbList\",\"@id\":\"https:\\\/\\\/gardeon.at\\\/shop\\\/produkt\\\/gartenhaus-gardeon-2000x2100mm-1\\\/#breadcrumb\",\"itemListElement\":[{\"@type\":\"ListItem\",\"position\":1,\"name\":\"Online Shop GARDEON\",\"item\":\"https:\\\/\\\/gardeon.at\\\/shop\\\/\"},{\"@type\":\"ListItem\",\"position\":2,\"name\":\"Die Gardeon Produkte auf Bestellung\",\"item\":\"https:\\\/\\\/gardeon.at\\\/shop\\\/product-category\\\/die-gardeon-produkte-auf-bestellung\\\/\"},{\"@type\":\"ListItem\",\"position\":3,\"name\":\"Gartenh\u00e4user\",\"item\":\"https:\\\/\\\/gardeon.at\\\/shop\\\/product-category\\\/die-gardeon-produkte-auf-bestellung\\\/gartenhaeuser\\\/\"},{\"@type\":\"ListItem\",\"position\":4,\"name\":\"Gartenhaus GARDEON | 2000 x 2100 mm\"}]},{\"@type\":\"WebSite\",\"@id\":\"https:\\\/\\\/gardeon.at\\\/shop\\\/#website\",\"url\":\"https:\\\/\\\/gardeon.at\\\/shop\\\/\",\"name\":\"Gardeon e-shop\",\"description\":\"\",\"potentialAction\":[{\"@type\":\"SearchAction\",\"target\":{\"@type\":\"EntryPoint\",\"urlTemplate\":\"https:\\\/\\\/gardeon.at\\\/shop\\\/?s={search_term_string}\"},\"query-input\":{\"@type\":\"PropertyValueSpecification\",\"valueRequired\":true,\"valueName\":\"search_term_string\"}}],\"inLanguage\":\"hu\"}]}<\/script>\n<!-- \/ Yoast SEO plugin. -->","yoast_head_json":{"title":"Gartenhaus GARDEON | 2000 x 2100 mm","robots":{"index":"index","follow":"follow","max-snippet":"max-snippet:-1","max-image-preview":"max-image-preview:large","max-video-preview":"max-video-preview:-1"},"canonical":"https:\/\/gardeon.at\/shop\/produkt\/gartenhaus-gardeon-2000x2100mm-1\/","og_locale":"hu_HU","og_type":"article","og_title":"Gartenhaus GARDEON | 2000 x 2100 mm","og_description":"Au\u00dfenma\u00dfe: 2000 \u00d7 2100\u00a0mm (Breite x Tiefe) Wandh\u00f6he: 2160 mm Dachgef\u00e4lle: 2370\/2240\u00a0mm Dachgef\u00e4lle: nach HINTEN (Standard) Ein Gartenhaus mit \u00dcberdachung","og_url":"https:\/\/gardeon.at\/shop\/produkt\/gartenhaus-gardeon-2000x2100mm-1\/","og_site_name":"Gardeon e-shop","article_modified_time":"2023-11-03T12:07:55+00:00","og_image":[{"width":2560,"height":1440,"url":"https:\/\/gardeon.at\/shop\/wp-content\/uploads\/2023\/10\/gardeon-zahradny-domcek-pultova-strecha-2000x2100mm-1-scaled.webp","type":"image\/webp"}],"twitter_card":"summary_large_image","twitter_misc":{"Becs\u00fclt olvas\u00e1si id\u0151":"1 perc"},"schema":{"@context":"https:\/\/schema.org","@graph":[{"@type":"WebPage","@id":"https:\/\/gardeon.at\/shop\/produkt\/gartenhaus-gardeon-2000x2100mm-1\/","url":"https:\/\/gardeon.at\/shop\/produkt\/gartenhaus-gardeon-2000x2100mm-1\/","name":"Gartenhaus GARDEON | 2000 x 2100 mm","isPartOf":{"@id":"https:\/\/gardeon.at\/shop\/#website"},"primaryImageOfPage":{"@id":"https:\/\/gardeon.at\/shop\/produkt\/gartenhaus-gardeon-2000x2100mm-1\/#primaryimage"},"image":{"@id":"https:\/\/gardeon.at\/shop\/produkt\/gartenhaus-gardeon-2000x2100mm-1\/#primaryimage"},"thumbnailUrl":"https:\/\/gardeon.at\/shop\/wp-content\/uploads\/2023\/10\/gardeon-zahradny-domcek-pultova-strecha-2000x2100mm-1-scaled.webp","datePublished":"2023-10-23T08:29:09+00:00","dateModified":"2023-11-03T12:07:55+00:00","breadcrumb":{"@id":"https:\/\/gardeon.at\/shop\/produkt\/gartenhaus-gardeon-2000x2100mm-1\/#breadcrumb"},"inLanguage":"hu","potentialAction":[{"@type":"ReadAction","target":["https:\/\/gardeon.at\/shop\/produkt\/gartenhaus-gardeon-2000x2100mm-1\/"]}]},{"@type":"ImageObject","inLanguage":"hu","@id":"https:\/\/gardeon.at\/shop\/produkt\/gartenhaus-gardeon-2000x2100mm-1\/#primaryimage","url":"https:\/\/gardeon.at\/shop\/wp-content\/uploads\/2023\/10\/gardeon-zahradny-domcek-pultova-strecha-2000x2100mm-1-scaled.webp","contentUrl":"https:\/\/gardeon.at\/shop\/wp-content\/uploads\/2023\/10\/gardeon-zahradny-domcek-pultova-strecha-2000x2100mm-1-scaled.webp","width":2560,"height":1440},{"@type":"BreadcrumbList","@id":"https:\/\/gardeon.at\/shop\/produkt\/gartenhaus-gardeon-2000x2100mm-1\/#breadcrumb","itemListElement":[{"@type":"ListItem","position":1,"name":"Online Shop GARDEON","item":"https:\/\/gardeon.at\/shop\/"},{"@type":"ListItem","position":2,"name":"Die Gardeon Produkte auf Bestellung","item":"https:\/\/gardeon.at\/shop\/product-category\/die-gardeon-produkte-auf-bestellung\/"},{"@type":"ListItem","position":3,"name":"Gartenh\u00e4user","item":"https:\/\/gardeon.at\/shop\/product-category\/die-gardeon-produkte-auf-bestellung\/gartenhaeuser\/"},{"@type":"ListItem","position":4,"name":"Gartenhaus GARDEON | 2000 x 2100 mm"}]},{"@type":"WebSite","@id":"https:\/\/gardeon.at\/shop\/#website","url":"https:\/\/gardeon.at\/shop\/","name":"Gardeon e-shop","description":"","potentialAction":[{"@type":"SearchAction","target":{"@type":"EntryPoint","urlTemplate":"https:\/\/gardeon.at\/shop\/?s={search_term_string}"},"query-input":{"@type":"PropertyValueSpecification","valueRequired":true,"valueName":"search_term_string"}}],"inLanguage":"hu"}]}},"pll_sync_post":{},"lang":"de-at","translations":{"de-at":5615},"_links":{"self":[{"href":"https:\/\/gardeon.at\/shop\/wp-json\/wp\/v2\/product\/5615","targetHints":{"allow":["GET"]}}],"collection":[{"href":"https:\/\/gardeon.at\/shop\/wp-json\/wp\/v2\/product"}],"about":[{"href":"https:\/\/gardeon.at\/shop\/wp-json\/wp\/v2\/types\/product"}],"wp:featuredmedia":[{"embeddable":true,"href":"https:\/\/gardeon.at\/shop\/wp-json\/wp\/v2\/media\/5550"}],"wp:attachment":[{"href":"https:\/\/gardeon.at\/shop\/wp-json\/wp\/v2\/media?parent=5615"}],"wp:term":[{"taxonomy":"product_brand","embeddable":true,"href":"https:\/\/gardeon.at\/shop\/wp-json\/wp\/v2\/product_brand?post=5615"},{"taxonomy":"product_cat","embeddable":true,"href":"https:\/\/gardeon.at\/shop\/wp-json\/wp\/v2\/product_cat?post=5615"},{"taxonomy":"product_tag","embeddable":true,"href":"https:\/\/gardeon.at\/shop\/wp-json\/wp\/v2\/product_tag?post=5615"}],"curies":[{"name":"wp","href":"https:\/\/api.w.org\/{rel}","templated":true}]}}