{"id":5069,"date":"2023-07-27T11:22:31","date_gmt":"2023-07-27T09:22:31","guid":{"rendered":"https:\/\/gardeon.sk\/shop\/?post_type=product&#038;p=5069"},"modified":"2026-04-28T14:02:07","modified_gmt":"2026-04-28T12:02:07","slug":"carport-gardeon-5800x5020mm","status":"publish","type":"product","link":"https:\/\/gardeon.at\/shop\/produkt\/carport-gardeon-5800x5020mm\/","title":{"rendered":"Carport GARDEON | 5800 x 5020 mm"},"content":{"rendered":"<div>\n<p><strong>Au\u00dfenma\u00dfe<\/strong>: 5800 x 5020 mm (Breite x Tiefe)<\/p>\n<\/div>\n<div>\n<p><strong>Dachgef\u00e4lle:<\/strong> 2630\/2500 mm<\/p>\n<p><strong>Dachgef\u00e4lle:<\/strong> nach HINTEN (Standard)<\/p>\n<hr \/>\n<p><em>Alle Fotos sind rein illustrativ.<\/em><\/p>\n<\/div>\n","protected":false},"excerpt":{"rendered":"<p>Au\u00dfenma\u00dfe: 5800 x 5020 mm (Breite x Tiefe) Dachgef\u00e4lle: 2630\/2500 mm Dachgef\u00e4lle: nach HINTEN (Standard) Alle Fotos sind rein illustrativ.<\/p>\n","protected":false},"featured_media":4806,"template":"","meta":{"_acf_changed":false,"inline_featured_image":false},"product_brand":[],"product_cat":[1608,1545],"product_tag":[],"class_list":{"0":"post-5069","1":"product","2":"type-product","3":"status-publish","4":"has-post-thumbnail","6":"product_cat-carports","7":"product_cat-die-gardeon-produkte-auf-bestellung","8":"product_shipping_class-doprava-stavby","10":"first","11":"onbackorder","12":"taxable","13":"shipping-taxable","14":"purchasable","15":"product-type-simple"},"acf":[],"yoast_head":"<!-- This site is optimized with the Yoast SEO plugin v27.5 - https:\/\/yoast.com\/product\/yoast-seo-wordpress\/ -->\n<title>Carport GARDEON | 5800 x 5020 mm<\/title>\n<meta name=\"robots\" content=\"index, follow, max-snippet:-1, max-image-preview:large, max-video-preview:-1\" \/>\n<link rel=\"canonical\" href=\"https:\/\/gardeon.at\/shop\/produkt\/carport-gardeon-5800x5020mm\/\" \/>\n<meta property=\"og:locale\" content=\"hu_HU\" \/>\n<meta property=\"og:type\" content=\"article\" \/>\n<meta property=\"og:title\" content=\"Carport GARDEON | 5800 x 5020 mm\" \/>\n<meta property=\"og:description\" content=\"Au\u00dfenma\u00dfe: 5800 x 5020 mm (Breite x Tiefe) Dachgef\u00e4lle: 2630\/2500 mm Dachgef\u00e4lle: nach HINTEN (Standard) Alle Fotos sind rein illustrativ.\" \/>\n<meta property=\"og:url\" content=\"https:\/\/gardeon.at\/shop\/produkt\/carport-gardeon-5800x5020mm\/\" \/>\n<meta property=\"og:site_name\" content=\"Gardeon e-shop\" \/>\n<meta property=\"article:modified_time\" content=\"2026-04-28T12:02:07+00:00\" \/>\n<meta property=\"og:image\" content=\"https:\/\/gardeon.at\/shop\/wp-content\/uploads\/2022\/04\/gardeon-eshop-pristresok-siebau-pre-dve-auta-5.webp\" \/>\n\t<meta property=\"og:image:width\" content=\"1500\" \/>\n\t<meta property=\"og:image:height\" content=\"1000\" \/>\n\t<meta property=\"og:image:type\" content=\"image\/webp\" \/>\n<meta name=\"twitter:card\" content=\"summary_large_image\" \/>\n<meta name=\"twitter:label1\" content=\"Becs\u00fclt olvas\u00e1si id\u0151\" \/>\n\t<meta name=\"twitter:data1\" content=\"1 perc\" \/>\n<script type=\"application\/ld+json\" class=\"yoast-schema-graph\">{\"@context\":\"https:\\\/\\\/schema.org\",\"@graph\":[{\"@type\":\"WebPage\",\"@id\":\"https:\\\/\\\/gardeon.at\\\/shop\\\/produkt\\\/carport-gardeon-5800x5020mm\\\/\",\"url\":\"https:\\\/\\\/gardeon.at\\\/shop\\\/produkt\\\/carport-gardeon-5800x5020mm\\\/\",\"name\":\"Carport GARDEON | 5800 x 5020 mm\",\"isPartOf\":{\"@id\":\"https:\\\/\\\/gardeon.at\\\/shop\\\/#website\"},\"primaryImageOfPage\":{\"@id\":\"https:\\\/\\\/gardeon.at\\\/shop\\\/produkt\\\/carport-gardeon-5800x5020mm\\\/#primaryimage\"},\"image\":{\"@id\":\"https:\\\/\\\/gardeon.at\\\/shop\\\/produkt\\\/carport-gardeon-5800x5020mm\\\/#primaryimage\"},\"thumbnailUrl\":\"https:\\\/\\\/gardeon.at\\\/shop\\\/wp-content\\\/uploads\\\/2022\\\/04\\\/gardeon-eshop-pristresok-siebau-pre-dve-auta-5.webp\",\"datePublished\":\"2023-07-27T09:22:31+00:00\",\"dateModified\":\"2026-04-28T12:02:07+00:00\",\"breadcrumb\":{\"@id\":\"https:\\\/\\\/gardeon.at\\\/shop\\\/produkt\\\/carport-gardeon-5800x5020mm\\\/#breadcrumb\"},\"inLanguage\":\"hu\",\"potentialAction\":[{\"@type\":\"ReadAction\",\"target\":[\"https:\\\/\\\/gardeon.at\\\/shop\\\/produkt\\\/carport-gardeon-5800x5020mm\\\/\"]}]},{\"@type\":\"ImageObject\",\"inLanguage\":\"hu\",\"@id\":\"https:\\\/\\\/gardeon.at\\\/shop\\\/produkt\\\/carport-gardeon-5800x5020mm\\\/#primaryimage\",\"url\":\"https:\\\/\\\/gardeon.at\\\/shop\\\/wp-content\\\/uploads\\\/2022\\\/04\\\/gardeon-eshop-pristresok-siebau-pre-dve-auta-5.webp\",\"contentUrl\":\"https:\\\/\\\/gardeon.at\\\/shop\\\/wp-content\\\/uploads\\\/2022\\\/04\\\/gardeon-eshop-pristresok-siebau-pre-dve-auta-5.webp\",\"width\":1500,\"height\":1000,\"caption\":\"SIEBAU pr\u00edstre\u0161ok pre dve aut\u00e1 2\"},{\"@type\":\"BreadcrumbList\",\"@id\":\"https:\\\/\\\/gardeon.at\\\/shop\\\/produkt\\\/carport-gardeon-5800x5020mm\\\/#breadcrumb\",\"itemListElement\":[{\"@type\":\"ListItem\",\"position\":1,\"name\":\"Online Shop GARDEON\",\"item\":\"https:\\\/\\\/gardeon.at\\\/shop\\\/\"},{\"@type\":\"ListItem\",\"position\":2,\"name\":\"Die Gardeon Produkte auf Bestellung\",\"item\":\"https:\\\/\\\/gardeon.at\\\/shop\\\/product-category\\\/die-gardeon-produkte-auf-bestellung\\\/\"},{\"@type\":\"ListItem\",\"position\":3,\"name\":\"Carports\",\"item\":\"https:\\\/\\\/gardeon.at\\\/shop\\\/product-category\\\/die-gardeon-produkte-auf-bestellung\\\/carports\\\/\"},{\"@type\":\"ListItem\",\"position\":4,\"name\":\"Carport GARDEON | 5800 x 5020 mm\"}]},{\"@type\":\"WebSite\",\"@id\":\"https:\\\/\\\/gardeon.at\\\/shop\\\/#website\",\"url\":\"https:\\\/\\\/gardeon.at\\\/shop\\\/\",\"name\":\"Gardeon e-shop\",\"description\":\"\",\"potentialAction\":[{\"@type\":\"SearchAction\",\"target\":{\"@type\":\"EntryPoint\",\"urlTemplate\":\"https:\\\/\\\/gardeon.at\\\/shop\\\/?s={search_term_string}\"},\"query-input\":{\"@type\":\"PropertyValueSpecification\",\"valueRequired\":true,\"valueName\":\"search_term_string\"}}],\"inLanguage\":\"hu\"}]}<\/script>\n<!-- \/ Yoast SEO plugin. -->","yoast_head_json":{"title":"Carport GARDEON | 5800 x 5020 mm","robots":{"index":"index","follow":"follow","max-snippet":"max-snippet:-1","max-image-preview":"max-image-preview:large","max-video-preview":"max-video-preview:-1"},"canonical":"https:\/\/gardeon.at\/shop\/produkt\/carport-gardeon-5800x5020mm\/","og_locale":"hu_HU","og_type":"article","og_title":"Carport GARDEON | 5800 x 5020 mm","og_description":"Au\u00dfenma\u00dfe: 5800 x 5020 mm (Breite x Tiefe) Dachgef\u00e4lle: 2630\/2500 mm Dachgef\u00e4lle: nach HINTEN (Standard) Alle Fotos sind rein illustrativ.","og_url":"https:\/\/gardeon.at\/shop\/produkt\/carport-gardeon-5800x5020mm\/","og_site_name":"Gardeon e-shop","article_modified_time":"2026-04-28T12:02:07+00:00","og_image":[{"width":1500,"height":1000,"url":"https:\/\/gardeon.at\/shop\/wp-content\/uploads\/2022\/04\/gardeon-eshop-pristresok-siebau-pre-dve-auta-5.webp","type":"image\/webp"}],"twitter_card":"summary_large_image","twitter_misc":{"Becs\u00fclt olvas\u00e1si id\u0151":"1 perc"},"schema":{"@context":"https:\/\/schema.org","@graph":[{"@type":"WebPage","@id":"https:\/\/gardeon.at\/shop\/produkt\/carport-gardeon-5800x5020mm\/","url":"https:\/\/gardeon.at\/shop\/produkt\/carport-gardeon-5800x5020mm\/","name":"Carport GARDEON | 5800 x 5020 mm","isPartOf":{"@id":"https:\/\/gardeon.at\/shop\/#website"},"primaryImageOfPage":{"@id":"https:\/\/gardeon.at\/shop\/produkt\/carport-gardeon-5800x5020mm\/#primaryimage"},"image":{"@id":"https:\/\/gardeon.at\/shop\/produkt\/carport-gardeon-5800x5020mm\/#primaryimage"},"thumbnailUrl":"https:\/\/gardeon.at\/shop\/wp-content\/uploads\/2022\/04\/gardeon-eshop-pristresok-siebau-pre-dve-auta-5.webp","datePublished":"2023-07-27T09:22:31+00:00","dateModified":"2026-04-28T12:02:07+00:00","breadcrumb":{"@id":"https:\/\/gardeon.at\/shop\/produkt\/carport-gardeon-5800x5020mm\/#breadcrumb"},"inLanguage":"hu","potentialAction":[{"@type":"ReadAction","target":["https:\/\/gardeon.at\/shop\/produkt\/carport-gardeon-5800x5020mm\/"]}]},{"@type":"ImageObject","inLanguage":"hu","@id":"https:\/\/gardeon.at\/shop\/produkt\/carport-gardeon-5800x5020mm\/#primaryimage","url":"https:\/\/gardeon.at\/shop\/wp-content\/uploads\/2022\/04\/gardeon-eshop-pristresok-siebau-pre-dve-auta-5.webp","contentUrl":"https:\/\/gardeon.at\/shop\/wp-content\/uploads\/2022\/04\/gardeon-eshop-pristresok-siebau-pre-dve-auta-5.webp","width":1500,"height":1000,"caption":"SIEBAU pr\u00edstre\u0161ok pre dve aut\u00e1 2"},{"@type":"BreadcrumbList","@id":"https:\/\/gardeon.at\/shop\/produkt\/carport-gardeon-5800x5020mm\/#breadcrumb","itemListElement":[{"@type":"ListItem","position":1,"name":"Online Shop GARDEON","item":"https:\/\/gardeon.at\/shop\/"},{"@type":"ListItem","position":2,"name":"Die Gardeon Produkte auf Bestellung","item":"https:\/\/gardeon.at\/shop\/product-category\/die-gardeon-produkte-auf-bestellung\/"},{"@type":"ListItem","position":3,"name":"Carports","item":"https:\/\/gardeon.at\/shop\/product-category\/die-gardeon-produkte-auf-bestellung\/carports\/"},{"@type":"ListItem","position":4,"name":"Carport GARDEON | 5800 x 5020 mm"}]},{"@type":"WebSite","@id":"https:\/\/gardeon.at\/shop\/#website","url":"https:\/\/gardeon.at\/shop\/","name":"Gardeon e-shop","description":"","potentialAction":[{"@type":"SearchAction","target":{"@type":"EntryPoint","urlTemplate":"https:\/\/gardeon.at\/shop\/?s={search_term_string}"},"query-input":{"@type":"PropertyValueSpecification","valueRequired":true,"valueName":"search_term_string"}}],"inLanguage":"hu"}]}},"pll_sync_post":{},"lang":"de-at","translations":{"de-at":5069,"sk":5066,"cs":5067,"de-de":5068,"hu":7134},"_links":{"self":[{"href":"https:\/\/gardeon.at\/shop\/wp-json\/wp\/v2\/product\/5069","targetHints":{"allow":["GET"]}}],"collection":[{"href":"https:\/\/gardeon.at\/shop\/wp-json\/wp\/v2\/product"}],"about":[{"href":"https:\/\/gardeon.at\/shop\/wp-json\/wp\/v2\/types\/product"}],"wp:featuredmedia":[{"embeddable":true,"href":"https:\/\/gardeon.at\/shop\/wp-json\/wp\/v2\/media\/4806"}],"wp:attachment":[{"href":"https:\/\/gardeon.at\/shop\/wp-json\/wp\/v2\/media?parent=5069"}],"wp:term":[{"taxonomy":"product_brand","embeddable":true,"href":"https:\/\/gardeon.at\/shop\/wp-json\/wp\/v2\/product_brand?post=5069"},{"taxonomy":"product_cat","embeddable":true,"href":"https:\/\/gardeon.at\/shop\/wp-json\/wp\/v2\/product_cat?post=5069"},{"taxonomy":"product_tag","embeddable":true,"href":"https:\/\/gardeon.at\/shop\/wp-json\/wp\/v2\/product_tag?post=5069"}],"curies":[{"name":"wp","href":"https:\/\/api.w.org\/{rel}","templated":true}]}}