{"id":4794,"date":"2023-05-17T15:29:34","date_gmt":"2023-05-17T13:29:34","guid":{"rendered":"https:\/\/gardeon.sk\/shop\/?post_type=product&#038;p=4794"},"modified":"2024-09-03T14:11:31","modified_gmt":"2024-09-03T12:11:31","slug":"gh2","status":"publish","type":"product","link":"https:\/\/gardeon.at\/shop\/produkt\/gh2\/","title":{"rendered":"Aufh\u00e4ngungshaken | 2 Stk."},"content":{"rendered":"<p><strong>Packungsinhalt:<\/strong> 2 Stk. Aufh\u00e4ngungshaken<\/p>\n<p><strong>Gewicht:<\/strong> 71,5 g<\/p>\n<p><em>Hergestellt in Deutschland.<\/em><\/p>\n","protected":false},"excerpt":{"rendered":"<p>Die Aluminium-Leiste wird einzeln verkauft und ist in der Verpackung nicht enthalten.<\/p>\n","protected":false},"featured_media":5491,"template":"","meta":{"_acf_changed":false,"inline_featured_image":false},"product_brand":[],"product_cat":[1739,1596],"product_tag":[],"class_list":{"0":"post-4794","1":"product","2":"type-product","3":"status-publish","4":"has-post-thumbnail","6":"product_cat-aufhaengungssysteme","7":"product_cat-zubehoer","8":"product_shipping_class-kurier-do-3-kg","10":"first","11":"instock","12":"sale","13":"taxable","14":"shipping-taxable","15":"purchasable","16":"product-type-simple"},"acf":[],"yoast_head":"<!-- This site is optimized with the Yoast SEO plugin v27.5 - https:\/\/yoast.com\/product\/yoast-seo-wordpress\/ -->\n<title>Aufh\u00e4ngungshaken | 2 Stk. | Gardeon e-shop<\/title>\n<meta name=\"robots\" content=\"index, follow, max-snippet:-1, max-image-preview:large, max-video-preview:-1\" \/>\n<link rel=\"canonical\" href=\"https:\/\/gardeon.at\/shop\/produkt\/gh2\/\" \/>\n<meta property=\"og:locale\" content=\"hu_HU\" \/>\n<meta property=\"og:type\" content=\"article\" \/>\n<meta property=\"og:title\" content=\"Aufh\u00e4ngungshaken | 2 Stk. | Gardeon e-shop\" \/>\n<meta property=\"og:description\" content=\"Die Aluminium-Leiste wird einzeln verkauft und ist in der Verpackung nicht enthalten.\" \/>\n<meta property=\"og:url\" content=\"https:\/\/gardeon.at\/shop\/produkt\/gh2\/\" \/>\n<meta property=\"og:site_name\" content=\"Gardeon e-shop\" \/>\n<meta property=\"article:modified_time\" content=\"2024-09-03T12:11:31+00:00\" \/>\n<meta property=\"og:image\" content=\"https:\/\/gardeon.at\/shop\/wp-content\/uploads\/2023\/09\/gardeon-samostatne-zavesne-haciky-1-scaled.webp\" \/>\n\t<meta property=\"og:image:width\" content=\"2560\" \/>\n\t<meta property=\"og:image:height\" content=\"1439\" \/>\n\t<meta property=\"og:image:type\" content=\"image\/webp\" \/>\n<meta name=\"twitter:card\" content=\"summary_large_image\" \/>\n<meta name=\"twitter:label1\" content=\"Becs\u00fclt olvas\u00e1si id\u0151\" \/>\n\t<meta name=\"twitter:data1\" content=\"1 perc\" \/>\n<script type=\"application\/ld+json\" class=\"yoast-schema-graph\">{\"@context\":\"https:\\\/\\\/schema.org\",\"@graph\":[{\"@type\":\"WebPage\",\"@id\":\"https:\\\/\\\/gardeon.at\\\/shop\\\/produkt\\\/gh2\\\/\",\"url\":\"https:\\\/\\\/gardeon.at\\\/shop\\\/produkt\\\/gh2\\\/\",\"name\":\"Aufh\u00e4ngungshaken | 2 Stk. | Gardeon e-shop\",\"isPartOf\":{\"@id\":\"https:\\\/\\\/gardeon.at\\\/shop\\\/#website\"},\"primaryImageOfPage\":{\"@id\":\"https:\\\/\\\/gardeon.at\\\/shop\\\/produkt\\\/gh2\\\/#primaryimage\"},\"image\":{\"@id\":\"https:\\\/\\\/gardeon.at\\\/shop\\\/produkt\\\/gh2\\\/#primaryimage\"},\"thumbnailUrl\":\"https:\\\/\\\/gardeon.at\\\/shop\\\/wp-content\\\/uploads\\\/2023\\\/09\\\/gardeon-samostatne-zavesne-haciky-1-scaled.webp\",\"datePublished\":\"2023-05-17T13:29:34+00:00\",\"dateModified\":\"2024-09-03T12:11:31+00:00\",\"breadcrumb\":{\"@id\":\"https:\\\/\\\/gardeon.at\\\/shop\\\/produkt\\\/gh2\\\/#breadcrumb\"},\"inLanguage\":\"hu\",\"potentialAction\":[{\"@type\":\"ReadAction\",\"target\":[\"https:\\\/\\\/gardeon.at\\\/shop\\\/produkt\\\/gh2\\\/\"]}]},{\"@type\":\"ImageObject\",\"inLanguage\":\"hu\",\"@id\":\"https:\\\/\\\/gardeon.at\\\/shop\\\/produkt\\\/gh2\\\/#primaryimage\",\"url\":\"https:\\\/\\\/gardeon.at\\\/shop\\\/wp-content\\\/uploads\\\/2023\\\/09\\\/gardeon-samostatne-zavesne-haciky-1-scaled.webp\",\"contentUrl\":\"https:\\\/\\\/gardeon.at\\\/shop\\\/wp-content\\\/uploads\\\/2023\\\/09\\\/gardeon-samostatne-zavesne-haciky-1-scaled.webp\",\"width\":2560,\"height\":1439,\"caption\":\"Samostatn\u00e1 z\u00e1vesn\u00e9 h\u00e1\u010diky | 2ks\"},{\"@type\":\"BreadcrumbList\",\"@id\":\"https:\\\/\\\/gardeon.at\\\/shop\\\/produkt\\\/gh2\\\/#breadcrumb\",\"itemListElement\":[{\"@type\":\"ListItem\",\"position\":1,\"name\":\"Online Shop GARDEON\",\"item\":\"https:\\\/\\\/gardeon.at\\\/shop\\\/\"},{\"@type\":\"ListItem\",\"position\":2,\"name\":\"Zubeh\u00f6r\",\"item\":\"https:\\\/\\\/gardeon.at\\\/shop\\\/product-category\\\/zubehoer\\\/\"},{\"@type\":\"ListItem\",\"position\":3,\"name\":\"Aufh\u00e4ngungssysteme\",\"item\":\"https:\\\/\\\/gardeon.at\\\/shop\\\/product-category\\\/zubehoer\\\/aufhaengungssysteme\\\/\"},{\"@type\":\"ListItem\",\"position\":4,\"name\":\"Aufh\u00e4ngungshaken | 2 Stk.\"}]},{\"@type\":\"WebSite\",\"@id\":\"https:\\\/\\\/gardeon.at\\\/shop\\\/#website\",\"url\":\"https:\\\/\\\/gardeon.at\\\/shop\\\/\",\"name\":\"Gardeon e-shop\",\"description\":\"\",\"potentialAction\":[{\"@type\":\"SearchAction\",\"target\":{\"@type\":\"EntryPoint\",\"urlTemplate\":\"https:\\\/\\\/gardeon.at\\\/shop\\\/?s={search_term_string}\"},\"query-input\":{\"@type\":\"PropertyValueSpecification\",\"valueRequired\":true,\"valueName\":\"search_term_string\"}}],\"inLanguage\":\"hu\"}]}<\/script>\n<!-- \/ Yoast SEO plugin. -->","yoast_head_json":{"title":"Aufh\u00e4ngungshaken | 2 Stk. | Gardeon e-shop","robots":{"index":"index","follow":"follow","max-snippet":"max-snippet:-1","max-image-preview":"max-image-preview:large","max-video-preview":"max-video-preview:-1"},"canonical":"https:\/\/gardeon.at\/shop\/produkt\/gh2\/","og_locale":"hu_HU","og_type":"article","og_title":"Aufh\u00e4ngungshaken | 2 Stk. | Gardeon e-shop","og_description":"Die Aluminium-Leiste wird einzeln verkauft und ist in der Verpackung nicht enthalten.","og_url":"https:\/\/gardeon.at\/shop\/produkt\/gh2\/","og_site_name":"Gardeon e-shop","article_modified_time":"2024-09-03T12:11:31+00:00","og_image":[{"width":2560,"height":1439,"url":"https:\/\/gardeon.at\/shop\/wp-content\/uploads\/2023\/09\/gardeon-samostatne-zavesne-haciky-1-scaled.webp","type":"image\/webp"}],"twitter_card":"summary_large_image","twitter_misc":{"Becs\u00fclt olvas\u00e1si id\u0151":"1 perc"},"schema":{"@context":"https:\/\/schema.org","@graph":[{"@type":"WebPage","@id":"https:\/\/gardeon.at\/shop\/produkt\/gh2\/","url":"https:\/\/gardeon.at\/shop\/produkt\/gh2\/","name":"Aufh\u00e4ngungshaken | 2 Stk. | Gardeon e-shop","isPartOf":{"@id":"https:\/\/gardeon.at\/shop\/#website"},"primaryImageOfPage":{"@id":"https:\/\/gardeon.at\/shop\/produkt\/gh2\/#primaryimage"},"image":{"@id":"https:\/\/gardeon.at\/shop\/produkt\/gh2\/#primaryimage"},"thumbnailUrl":"https:\/\/gardeon.at\/shop\/wp-content\/uploads\/2023\/09\/gardeon-samostatne-zavesne-haciky-1-scaled.webp","datePublished":"2023-05-17T13:29:34+00:00","dateModified":"2024-09-03T12:11:31+00:00","breadcrumb":{"@id":"https:\/\/gardeon.at\/shop\/produkt\/gh2\/#breadcrumb"},"inLanguage":"hu","potentialAction":[{"@type":"ReadAction","target":["https:\/\/gardeon.at\/shop\/produkt\/gh2\/"]}]},{"@type":"ImageObject","inLanguage":"hu","@id":"https:\/\/gardeon.at\/shop\/produkt\/gh2\/#primaryimage","url":"https:\/\/gardeon.at\/shop\/wp-content\/uploads\/2023\/09\/gardeon-samostatne-zavesne-haciky-1-scaled.webp","contentUrl":"https:\/\/gardeon.at\/shop\/wp-content\/uploads\/2023\/09\/gardeon-samostatne-zavesne-haciky-1-scaled.webp","width":2560,"height":1439,"caption":"Samostatn\u00e1 z\u00e1vesn\u00e9 h\u00e1\u010diky | 2ks"},{"@type":"BreadcrumbList","@id":"https:\/\/gardeon.at\/shop\/produkt\/gh2\/#breadcrumb","itemListElement":[{"@type":"ListItem","position":1,"name":"Online Shop GARDEON","item":"https:\/\/gardeon.at\/shop\/"},{"@type":"ListItem","position":2,"name":"Zubeh\u00f6r","item":"https:\/\/gardeon.at\/shop\/product-category\/zubehoer\/"},{"@type":"ListItem","position":3,"name":"Aufh\u00e4ngungssysteme","item":"https:\/\/gardeon.at\/shop\/product-category\/zubehoer\/aufhaengungssysteme\/"},{"@type":"ListItem","position":4,"name":"Aufh\u00e4ngungshaken | 2 Stk."}]},{"@type":"WebSite","@id":"https:\/\/gardeon.at\/shop\/#website","url":"https:\/\/gardeon.at\/shop\/","name":"Gardeon e-shop","description":"","potentialAction":[{"@type":"SearchAction","target":{"@type":"EntryPoint","urlTemplate":"https:\/\/gardeon.at\/shop\/?s={search_term_string}"},"query-input":{"@type":"PropertyValueSpecification","valueRequired":true,"valueName":"search_term_string"}}],"inLanguage":"hu"}]}},"pll_sync_post":{},"lang":"de-at","translations":{"de-at":4794,"sk":3178,"cs":4187,"de-de":4188,"hu":7255},"_links":{"self":[{"href":"https:\/\/gardeon.at\/shop\/wp-json\/wp\/v2\/product\/4794","targetHints":{"allow":["GET"]}}],"collection":[{"href":"https:\/\/gardeon.at\/shop\/wp-json\/wp\/v2\/product"}],"about":[{"href":"https:\/\/gardeon.at\/shop\/wp-json\/wp\/v2\/types\/product"}],"wp:featuredmedia":[{"embeddable":true,"href":"https:\/\/gardeon.at\/shop\/wp-json\/wp\/v2\/media\/5491"}],"wp:attachment":[{"href":"https:\/\/gardeon.at\/shop\/wp-json\/wp\/v2\/media?parent=4794"}],"wp:term":[{"taxonomy":"product_brand","embeddable":true,"href":"https:\/\/gardeon.at\/shop\/wp-json\/wp\/v2\/product_brand?post=4794"},{"taxonomy":"product_cat","embeddable":true,"href":"https:\/\/gardeon.at\/shop\/wp-json\/wp\/v2\/product_cat?post=4794"},{"taxonomy":"product_tag","embeddable":true,"href":"https:\/\/gardeon.at\/shop\/wp-json\/wp\/v2\/product_tag?post=4794"}],"curies":[{"name":"wp","href":"https:\/\/api.w.org\/{rel}","templated":true}]}}