{"id":4791,"date":"2023-05-17T15:29:16","date_gmt":"2023-05-17T13:29:16","guid":{"rendered":"https:\/\/gardeon.sk\/shop\/?post_type=product&#038;p=4791"},"modified":"2024-02-22T19:52:53","modified_gmt":"2024-02-22T18:52:53","slug":"sb-x-05","status":"publish","type":"product","link":"https:\/\/gardeon.at\/shop\/produkt\/sb-x-05\/","title":{"rendered":"Aluminiumleiste + 3 Halter"},"content":{"rendered":"<p><strong>Packungsinhalt:<\/strong> 0,5 m Schiene, 3 Stk. Werkzeughalter, Schrauben und D\u00fcbel<\/p>\n<p><strong>Die maximale Belastbarkeit einer 1 Meter langen Schiene liegt<\/strong> bei 40 kg.<\/p>\n<p><strong>Gewicht:<\/strong> 506 g<\/p>\n<p><strong>Ma\u00dfe:<\/strong> 550 x 280 x 160 (B x T x H mm)<\/p>\n<p><em>Hergestellt in Deutschland.<\/em><\/p>\n","protected":false},"excerpt":{"rendered":"<p>Das Aufh\u00e4ngungssystem wird sicher s\u00e4mtliche Gegenst\u00e4nde aus Holz, Stahl oder Kunststoff mit einem Durchschnitt von 0 bis 50 mm und einem Gewicht bis max. 10 kg halten.<\/p>\n<p>Der Gegenstand muss trocken und rutschsicher sein.<\/p>\n","protected":false},"featured_media":5475,"template":"","meta":{"_acf_changed":false,"inline_featured_image":false},"product_brand":[],"product_cat":[1739,1596],"product_tag":[],"class_list":{"0":"post-4791","1":"product","2":"type-product","3":"status-publish","4":"has-post-thumbnail","6":"product_cat-aufhaengungssysteme","7":"product_cat-zubehoer","8":"product_shipping_class-kurier-do-3-kg","10":"first","11":"instock","12":"sale","13":"taxable","14":"shipping-taxable","15":"purchasable","16":"product-type-simple"},"acf":[],"yoast_head":"<!-- This site is optimized with the Yoast SEO plugin v27.5 - https:\/\/yoast.com\/product\/yoast-seo-wordpress\/ -->\n<title>Aluminiumleiste + 3 Halter | Gardeon e-shop<\/title>\n<meta name=\"robots\" content=\"index, follow, max-snippet:-1, max-image-preview:large, max-video-preview:-1\" \/>\n<link rel=\"canonical\" href=\"https:\/\/gardeon.at\/shop\/produkt\/sb-x-05\/\" \/>\n<meta property=\"og:locale\" content=\"hu_HU\" \/>\n<meta property=\"og:type\" content=\"article\" \/>\n<meta property=\"og:title\" content=\"Aluminiumleiste + 3 Halter | Gardeon e-shop\" \/>\n<meta property=\"og:description\" content=\"Das Aufh\u00e4ngungssystem wird sicher s\u00e4mtliche Gegenst\u00e4nde aus Holz, Stahl oder Kunststoff mit einem Durchschnitt von 0 bis 50 mm und einem Gewicht bis max. 10 kg halten.  Der Gegenstand muss trocken und rutschsicher sein.\" \/>\n<meta property=\"og:url\" content=\"https:\/\/gardeon.at\/shop\/produkt\/sb-x-05\/\" \/>\n<meta property=\"og:site_name\" content=\"Gardeon e-shop\" \/>\n<meta property=\"article:modified_time\" content=\"2024-02-22T18:52:53+00:00\" \/>\n<meta property=\"og:image\" content=\"https:\/\/gardeon.at\/shop\/wp-content\/uploads\/2020\/11\/gardeon-zavesny-system-3-drziaky-3-scaled.webp\" \/>\n\t<meta property=\"og:image:width\" content=\"2560\" \/>\n\t<meta property=\"og:image:height\" content=\"1439\" \/>\n\t<meta property=\"og:image:type\" content=\"image\/webp\" \/>\n<meta name=\"twitter:card\" content=\"summary_large_image\" \/>\n<meta name=\"twitter:label1\" content=\"Becs\u00fclt olvas\u00e1si id\u0151\" \/>\n\t<meta name=\"twitter:data1\" content=\"1 perc\" \/>\n<script type=\"application\/ld+json\" class=\"yoast-schema-graph\">{\"@context\":\"https:\\\/\\\/schema.org\",\"@graph\":[{\"@type\":\"WebPage\",\"@id\":\"https:\\\/\\\/gardeon.at\\\/shop\\\/produkt\\\/sb-x-05\\\/\",\"url\":\"https:\\\/\\\/gardeon.at\\\/shop\\\/produkt\\\/sb-x-05\\\/\",\"name\":\"Aluminiumleiste + 3 Halter | Gardeon e-shop\",\"isPartOf\":{\"@id\":\"https:\\\/\\\/gardeon.at\\\/shop\\\/#website\"},\"primaryImageOfPage\":{\"@id\":\"https:\\\/\\\/gardeon.at\\\/shop\\\/produkt\\\/sb-x-05\\\/#primaryimage\"},\"image\":{\"@id\":\"https:\\\/\\\/gardeon.at\\\/shop\\\/produkt\\\/sb-x-05\\\/#primaryimage\"},\"thumbnailUrl\":\"https:\\\/\\\/gardeon.at\\\/shop\\\/wp-content\\\/uploads\\\/2020\\\/11\\\/gardeon-zavesny-system-3-drziaky-3-scaled.webp\",\"datePublished\":\"2023-05-17T13:29:16+00:00\",\"dateModified\":\"2024-02-22T18:52:53+00:00\",\"breadcrumb\":{\"@id\":\"https:\\\/\\\/gardeon.at\\\/shop\\\/produkt\\\/sb-x-05\\\/#breadcrumb\"},\"inLanguage\":\"hu\",\"potentialAction\":[{\"@type\":\"ReadAction\",\"target\":[\"https:\\\/\\\/gardeon.at\\\/shop\\\/produkt\\\/sb-x-05\\\/\"]}]},{\"@type\":\"ImageObject\",\"inLanguage\":\"hu\",\"@id\":\"https:\\\/\\\/gardeon.at\\\/shop\\\/produkt\\\/sb-x-05\\\/#primaryimage\",\"url\":\"https:\\\/\\\/gardeon.at\\\/shop\\\/wp-content\\\/uploads\\\/2020\\\/11\\\/gardeon-zavesny-system-3-drziaky-3-scaled.webp\",\"contentUrl\":\"https:\\\/\\\/gardeon.at\\\/shop\\\/wp-content\\\/uploads\\\/2020\\\/11\\\/gardeon-zavesny-system-3-drziaky-3-scaled.webp\",\"width\":2560,\"height\":1439,\"caption\":\"Z\u00e1vesn\u00fd syst\u00e9m na n\u00e1radie | 3 dr\u017eiaky\"},{\"@type\":\"BreadcrumbList\",\"@id\":\"https:\\\/\\\/gardeon.at\\\/shop\\\/produkt\\\/sb-x-05\\\/#breadcrumb\",\"itemListElement\":[{\"@type\":\"ListItem\",\"position\":1,\"name\":\"Online Shop GARDEON\",\"item\":\"https:\\\/\\\/gardeon.at\\\/shop\\\/\"},{\"@type\":\"ListItem\",\"position\":2,\"name\":\"Zubeh\u00f6r\",\"item\":\"https:\\\/\\\/gardeon.at\\\/shop\\\/product-category\\\/zubehoer\\\/\"},{\"@type\":\"ListItem\",\"position\":3,\"name\":\"Aufh\u00e4ngungssysteme\",\"item\":\"https:\\\/\\\/gardeon.at\\\/shop\\\/product-category\\\/zubehoer\\\/aufhaengungssysteme\\\/\"},{\"@type\":\"ListItem\",\"position\":4,\"name\":\"Aluminiumleiste + 3 Halter\"}]},{\"@type\":\"WebSite\",\"@id\":\"https:\\\/\\\/gardeon.at\\\/shop\\\/#website\",\"url\":\"https:\\\/\\\/gardeon.at\\\/shop\\\/\",\"name\":\"Gardeon e-shop\",\"description\":\"\",\"potentialAction\":[{\"@type\":\"SearchAction\",\"target\":{\"@type\":\"EntryPoint\",\"urlTemplate\":\"https:\\\/\\\/gardeon.at\\\/shop\\\/?s={search_term_string}\"},\"query-input\":{\"@type\":\"PropertyValueSpecification\",\"valueRequired\":true,\"valueName\":\"search_term_string\"}}],\"inLanguage\":\"hu\"}]}<\/script>\n<!-- \/ Yoast SEO plugin. -->","yoast_head_json":{"title":"Aluminiumleiste + 3 Halter | Gardeon e-shop","robots":{"index":"index","follow":"follow","max-snippet":"max-snippet:-1","max-image-preview":"max-image-preview:large","max-video-preview":"max-video-preview:-1"},"canonical":"https:\/\/gardeon.at\/shop\/produkt\/sb-x-05\/","og_locale":"hu_HU","og_type":"article","og_title":"Aluminiumleiste + 3 Halter | Gardeon e-shop","og_description":"Das Aufh\u00e4ngungssystem wird sicher s\u00e4mtliche Gegenst\u00e4nde aus Holz, Stahl oder Kunststoff mit einem Durchschnitt von 0 bis 50 mm und einem Gewicht bis max. 10 kg halten.  Der Gegenstand muss trocken und rutschsicher sein.","og_url":"https:\/\/gardeon.at\/shop\/produkt\/sb-x-05\/","og_site_name":"Gardeon e-shop","article_modified_time":"2024-02-22T18:52:53+00:00","og_image":[{"width":2560,"height":1439,"url":"https:\/\/gardeon.at\/shop\/wp-content\/uploads\/2020\/11\/gardeon-zavesny-system-3-drziaky-3-scaled.webp","type":"image\/webp"}],"twitter_card":"summary_large_image","twitter_misc":{"Becs\u00fclt olvas\u00e1si id\u0151":"1 perc"},"schema":{"@context":"https:\/\/schema.org","@graph":[{"@type":"WebPage","@id":"https:\/\/gardeon.at\/shop\/produkt\/sb-x-05\/","url":"https:\/\/gardeon.at\/shop\/produkt\/sb-x-05\/","name":"Aluminiumleiste + 3 Halter | Gardeon e-shop","isPartOf":{"@id":"https:\/\/gardeon.at\/shop\/#website"},"primaryImageOfPage":{"@id":"https:\/\/gardeon.at\/shop\/produkt\/sb-x-05\/#primaryimage"},"image":{"@id":"https:\/\/gardeon.at\/shop\/produkt\/sb-x-05\/#primaryimage"},"thumbnailUrl":"https:\/\/gardeon.at\/shop\/wp-content\/uploads\/2020\/11\/gardeon-zavesny-system-3-drziaky-3-scaled.webp","datePublished":"2023-05-17T13:29:16+00:00","dateModified":"2024-02-22T18:52:53+00:00","breadcrumb":{"@id":"https:\/\/gardeon.at\/shop\/produkt\/sb-x-05\/#breadcrumb"},"inLanguage":"hu","potentialAction":[{"@type":"ReadAction","target":["https:\/\/gardeon.at\/shop\/produkt\/sb-x-05\/"]}]},{"@type":"ImageObject","inLanguage":"hu","@id":"https:\/\/gardeon.at\/shop\/produkt\/sb-x-05\/#primaryimage","url":"https:\/\/gardeon.at\/shop\/wp-content\/uploads\/2020\/11\/gardeon-zavesny-system-3-drziaky-3-scaled.webp","contentUrl":"https:\/\/gardeon.at\/shop\/wp-content\/uploads\/2020\/11\/gardeon-zavesny-system-3-drziaky-3-scaled.webp","width":2560,"height":1439,"caption":"Z\u00e1vesn\u00fd syst\u00e9m na n\u00e1radie | 3 dr\u017eiaky"},{"@type":"BreadcrumbList","@id":"https:\/\/gardeon.at\/shop\/produkt\/sb-x-05\/#breadcrumb","itemListElement":[{"@type":"ListItem","position":1,"name":"Online Shop GARDEON","item":"https:\/\/gardeon.at\/shop\/"},{"@type":"ListItem","position":2,"name":"Zubeh\u00f6r","item":"https:\/\/gardeon.at\/shop\/product-category\/zubehoer\/"},{"@type":"ListItem","position":3,"name":"Aufh\u00e4ngungssysteme","item":"https:\/\/gardeon.at\/shop\/product-category\/zubehoer\/aufhaengungssysteme\/"},{"@type":"ListItem","position":4,"name":"Aluminiumleiste + 3 Halter"}]},{"@type":"WebSite","@id":"https:\/\/gardeon.at\/shop\/#website","url":"https:\/\/gardeon.at\/shop\/","name":"Gardeon e-shop","description":"","potentialAction":[{"@type":"SearchAction","target":{"@type":"EntryPoint","urlTemplate":"https:\/\/gardeon.at\/shop\/?s={search_term_string}"},"query-input":{"@type":"PropertyValueSpecification","valueRequired":true,"valueName":"search_term_string"}}],"inLanguage":"hu"}]}},"pll_sync_post":{},"lang":"de-at","translations":{"de-at":4791,"sk":3167,"cs":4181,"de-de":4182,"hu":7246},"_links":{"self":[{"href":"https:\/\/gardeon.at\/shop\/wp-json\/wp\/v2\/product\/4791","targetHints":{"allow":["GET"]}}],"collection":[{"href":"https:\/\/gardeon.at\/shop\/wp-json\/wp\/v2\/product"}],"about":[{"href":"https:\/\/gardeon.at\/shop\/wp-json\/wp\/v2\/types\/product"}],"wp:featuredmedia":[{"embeddable":true,"href":"https:\/\/gardeon.at\/shop\/wp-json\/wp\/v2\/media\/5475"}],"wp:attachment":[{"href":"https:\/\/gardeon.at\/shop\/wp-json\/wp\/v2\/media?parent=4791"}],"wp:term":[{"taxonomy":"product_brand","embeddable":true,"href":"https:\/\/gardeon.at\/shop\/wp-json\/wp\/v2\/product_brand?post=4791"},{"taxonomy":"product_cat","embeddable":true,"href":"https:\/\/gardeon.at\/shop\/wp-json\/wp\/v2\/product_cat?post=4791"},{"taxonomy":"product_tag","embeddable":true,"href":"https:\/\/gardeon.at\/shop\/wp-json\/wp\/v2\/product_tag?post=4791"}],"curies":[{"name":"wp","href":"https:\/\/api.w.org\/{rel}","templated":true}]}}