{"id":4766,"date":"2023-05-17T15:24:55","date_gmt":"2023-05-17T13:24:55","guid":{"rendered":"https:\/\/gardeon.sk\/shop\/?post_type=product&#038;p=4766"},"modified":"2026-04-27T08:42:28","modified_gmt":"2026-04-27T06:42:28","slug":"doppelgarage-gardeon-6000x5000mm","status":"publish","type":"product","link":"https:\/\/gardeon.at\/shop\/produkt\/doppelgarage-gardeon-6000x5000mm\/","title":{"rendered":"Doppelgarage GARDEON | 6000 x 5000 mm"},"content":{"rendered":"<div class=\"wd-accordion-item\">\n<div class=\"wd-accordion-item\">\n<div class=\"wd-accordion-item\">\n<div class=\"wd-accordion-item\">\n<div class=\"wd-accordion-item\">\n<div class=\"wd-accordion-item\">\n<div class=\"wd-accordion-item\">\n<div class=\"wd-accordion-item\">\n<div class=\"wd-accordion-item\">\n<div>\n<p><strong>Au\u00dfenma\u00dfe<\/strong>: 6000 x 5000 mm (Breite x Tiefe)<\/p>\n<\/div>\n<div>\n<p><strong>Wandh\u00f6he:<\/strong> 2290 mm<\/p>\n<\/div>\n<div>\n<p><strong>Dachgef\u00e4lle:<\/strong> 2500\/2370 mm<\/p>\n<p><strong>Dachgef\u00e4lle:<\/strong> nach HINTEN (Standard)<\/p>\n<p><strong>Sektionaltor H\u00f6rmann: <\/strong>5000 x 2125\u00a0mm<\/p>\n<hr \/>\n<p>Die modernen Stahlgaragen in Fertigbauweise sind auf den ersten Blick kaum von gemauerten Bauwerken zu unterscheiden. Dabei bieten sie gleich mehrere Vorteile.<\/p>\n<p>Sie bieten eine gro\u00dfe Variabilit\u00e4t an Ausf\u00fchrungen und Ma\u00dfen an. Der preisg\u00fcnstige Einkauf z\u00e4hlt nat\u00fcrlich auch zu beliebten Vorteilen der Fertigbauten. Die Basis der Bauwerke bilden n\u00e4mlich W\u00e4nde aus doppelt-feuerverzinktem, profiliertem Stahlblech &#8211; Stahl ist gew\u00f6hnlich zu einem besseren Preis zu erwerben als andere Materialien, wie z.B. Beton. Raumersparnis ist auch ein \u00e4u\u00dferst interessanter Punkt. Da die verst\u00e4rkten Stahlw\u00e4nde \u00fcber eine Dicke von nur 50 mm verf\u00fcgen, ist man in der Lage gegen\u00fcber einem gew\u00f6hnlichen Ziegelwerk min. 50 cm Raum aus jeder Seite zu sparen. Sie verf\u00fcgen \u00fcber ein attraktive Design, welches sich perfekt Ihren W\u00fcnschen anpassen wird &#8211; sei es von den Farben oder dem allgemeinen Stil her. Zur Auswahl stehen unterschiedlichste Putzfarben, Zubeh\u00f6rm\u00f6glichkeiten und Dachvarianten. Weiters ist auch Zeitersparnis eine Erw\u00e4hnung wert. Eine simple Garage kann schon innerhalb 6 Stunden fertigmontiert zur Verf\u00fcgung stehen. Das einzige was Ihnen \u00fcberlassen bleibt, ist die Anfertigung eines Fundaments.<\/p>\n<p><em>Alle Fotos sind rein illustrativ.<\/em><\/p>\n<\/div>\n<\/div>\n<\/div>\n<\/div>\n<\/div>\n<\/div>\n<\/div>\n<\/div>\n<\/div>\n<\/div>\n","protected":false},"excerpt":{"rendered":"<p>Au\u00dfenma\u00dfe: 6000 x 5000 mm (Breite x Tiefe) Wandh\u00f6he: 2290 mm Dachgef\u00e4lle: 2500\/2370 mm Dachgef\u00e4lle: nach HINTEN (Standard) Sektionaltor H\u00f6rmann:<\/p>\n","protected":false},"featured_media":3880,"template":"","meta":{"_acf_changed":false,"inline_featured_image":false},"product_brand":[],"product_cat":[1545,1550,1552],"product_tag":[],"class_list":{"0":"post-4766","1":"product","2":"type-product","3":"status-publish","4":"has-post-thumbnail","6":"product_cat-die-gardeon-produkte-auf-bestellung","7":"product_cat-garagen-fuer-2-autos","8":"product_cat-garagen-mit-pultdach","9":"product_shipping_class-doprava-stavby","11":"first","12":"onbackorder","13":"taxable","14":"shipping-taxable","15":"purchasable","16":"product-type-simple"},"acf":[],"yoast_head":"<!-- This site is optimized with the Yoast SEO plugin v27.5 - https:\/\/yoast.com\/product\/yoast-seo-wordpress\/ -->\n<title>Doppelgarage GARDEON | 6000 x 5000 mm<\/title>\n<meta name=\"robots\" content=\"index, follow, max-snippet:-1, max-image-preview:large, max-video-preview:-1\" \/>\n<link rel=\"canonical\" href=\"https:\/\/gardeon.at\/shop\/produkt\/doppelgarage-gardeon-6000x5000mm\/\" \/>\n<meta property=\"og:locale\" content=\"hu_HU\" \/>\n<meta property=\"og:type\" content=\"article\" \/>\n<meta property=\"og:title\" content=\"Doppelgarage GARDEON | 6000 x 5000 mm\" \/>\n<meta property=\"og:description\" content=\"Au\u00dfenma\u00dfe: 6000 x 5000 mm (Breite x Tiefe) Wandh\u00f6he: 2290 mm Dachgef\u00e4lle: 2500\/2370 mm Dachgef\u00e4lle: nach HINTEN (Standard) Sektionaltor H\u00f6rmann:\" \/>\n<meta property=\"og:url\" content=\"https:\/\/gardeon.at\/shop\/produkt\/doppelgarage-gardeon-6000x5000mm\/\" \/>\n<meta property=\"og:site_name\" content=\"Gardeon e-shop\" \/>\n<meta property=\"article:modified_time\" content=\"2026-04-27T06:42:28+00:00\" \/>\n<meta property=\"og:image\" content=\"https:\/\/gardeon.at\/shop\/wp-content\/uploads\/2021\/09\/G-155-28\u20135-2020.jpg\" \/>\n\t<meta property=\"og:image:width\" content=\"1500\" \/>\n\t<meta property=\"og:image:height\" content=\"1000\" \/>\n\t<meta property=\"og:image:type\" content=\"image\/jpeg\" \/>\n<meta name=\"twitter:card\" content=\"summary_large_image\" \/>\n<meta name=\"twitter:label1\" content=\"Becs\u00fclt olvas\u00e1si id\u0151\" \/>\n\t<meta name=\"twitter:data1\" content=\"2 perc\" \/>\n<script type=\"application\/ld+json\" class=\"yoast-schema-graph\">{\"@context\":\"https:\\\/\\\/schema.org\",\"@graph\":[{\"@type\":\"WebPage\",\"@id\":\"https:\\\/\\\/gardeon.at\\\/shop\\\/produkt\\\/doppelgarage-gardeon-6000x5000mm\\\/\",\"url\":\"https:\\\/\\\/gardeon.at\\\/shop\\\/produkt\\\/doppelgarage-gardeon-6000x5000mm\\\/\",\"name\":\"Doppelgarage GARDEON | 6000 x 5000 mm\",\"isPartOf\":{\"@id\":\"https:\\\/\\\/gardeon.at\\\/shop\\\/#website\"},\"primaryImageOfPage\":{\"@id\":\"https:\\\/\\\/gardeon.at\\\/shop\\\/produkt\\\/doppelgarage-gardeon-6000x5000mm\\\/#primaryimage\"},\"image\":{\"@id\":\"https:\\\/\\\/gardeon.at\\\/shop\\\/produkt\\\/doppelgarage-gardeon-6000x5000mm\\\/#primaryimage\"},\"thumbnailUrl\":\"https:\\\/\\\/gardeon.at\\\/shop\\\/wp-content\\\/uploads\\\/2021\\\/09\\\/G-155-28\u20135-2020.jpg\",\"datePublished\":\"2023-05-17T13:24:55+00:00\",\"dateModified\":\"2026-04-27T06:42:28+00:00\",\"breadcrumb\":{\"@id\":\"https:\\\/\\\/gardeon.at\\\/shop\\\/produkt\\\/doppelgarage-gardeon-6000x5000mm\\\/#breadcrumb\"},\"inLanguage\":\"hu\",\"potentialAction\":[{\"@type\":\"ReadAction\",\"target\":[\"https:\\\/\\\/gardeon.at\\\/shop\\\/produkt\\\/doppelgarage-gardeon-6000x5000mm\\\/\"]}]},{\"@type\":\"ImageObject\",\"inLanguage\":\"hu\",\"@id\":\"https:\\\/\\\/gardeon.at\\\/shop\\\/produkt\\\/doppelgarage-gardeon-6000x5000mm\\\/#primaryimage\",\"url\":\"https:\\\/\\\/gardeon.at\\\/shop\\\/wp-content\\\/uploads\\\/2021\\\/09\\\/G-155-28\u20135-2020.jpg\",\"contentUrl\":\"https:\\\/\\\/gardeon.at\\\/shop\\\/wp-content\\\/uploads\\\/2021\\\/09\\\/G-155-28\u20135-2020.jpg\",\"width\":1500,\"height\":1000,\"caption\":\"Gar\u00e1\u017e pre dve aut\u00e1 v \u017eltej omietke\"},{\"@type\":\"BreadcrumbList\",\"@id\":\"https:\\\/\\\/gardeon.at\\\/shop\\\/produkt\\\/doppelgarage-gardeon-6000x5000mm\\\/#breadcrumb\",\"itemListElement\":[{\"@type\":\"ListItem\",\"position\":1,\"name\":\"Online Shop GARDEON\",\"item\":\"https:\\\/\\\/gardeon.at\\\/shop\\\/\"},{\"@type\":\"ListItem\",\"position\":2,\"name\":\"Die Gardeon Produkte auf Bestellung\",\"item\":\"https:\\\/\\\/gardeon.at\\\/shop\\\/product-category\\\/die-gardeon-produkte-auf-bestellung\\\/\"},{\"@type\":\"ListItem\",\"position\":3,\"name\":\"Garagen\",\"item\":\"https:\\\/\\\/gardeon.at\\\/shop\\\/product-category\\\/die-gardeon-produkte-auf-bestellung\\\/garagen\\\/\"},{\"@type\":\"ListItem\",\"position\":4,\"name\":\"Garagen f\u00fcr 2 Autos\",\"item\":\"https:\\\/\\\/gardeon.at\\\/shop\\\/product-category\\\/die-gardeon-produkte-auf-bestellung\\\/garagen\\\/garagen-fuer-2-autos\\\/\"},{\"@type\":\"ListItem\",\"position\":5,\"name\":\"Doppelgarage GARDEON | 6000 x 5000 mm\"}]},{\"@type\":\"WebSite\",\"@id\":\"https:\\\/\\\/gardeon.at\\\/shop\\\/#website\",\"url\":\"https:\\\/\\\/gardeon.at\\\/shop\\\/\",\"name\":\"Gardeon e-shop\",\"description\":\"\",\"potentialAction\":[{\"@type\":\"SearchAction\",\"target\":{\"@type\":\"EntryPoint\",\"urlTemplate\":\"https:\\\/\\\/gardeon.at\\\/shop\\\/?s={search_term_string}\"},\"query-input\":{\"@type\":\"PropertyValueSpecification\",\"valueRequired\":true,\"valueName\":\"search_term_string\"}}],\"inLanguage\":\"hu\"}]}<\/script>\n<!-- \/ Yoast SEO plugin. -->","yoast_head_json":{"title":"Doppelgarage GARDEON | 6000 x 5000 mm","robots":{"index":"index","follow":"follow","max-snippet":"max-snippet:-1","max-image-preview":"max-image-preview:large","max-video-preview":"max-video-preview:-1"},"canonical":"https:\/\/gardeon.at\/shop\/produkt\/doppelgarage-gardeon-6000x5000mm\/","og_locale":"hu_HU","og_type":"article","og_title":"Doppelgarage GARDEON | 6000 x 5000 mm","og_description":"Au\u00dfenma\u00dfe: 6000 x 5000 mm (Breite x Tiefe) Wandh\u00f6he: 2290 mm Dachgef\u00e4lle: 2500\/2370 mm Dachgef\u00e4lle: nach HINTEN (Standard) Sektionaltor H\u00f6rmann:","og_url":"https:\/\/gardeon.at\/shop\/produkt\/doppelgarage-gardeon-6000x5000mm\/","og_site_name":"Gardeon e-shop","article_modified_time":"2026-04-27T06:42:28+00:00","og_image":[{"width":1500,"height":1000,"url":"https:\/\/gardeon.at\/shop\/wp-content\/uploads\/2021\/09\/G-155-28\u20135-2020.jpg","type":"image\/jpeg"}],"twitter_card":"summary_large_image","twitter_misc":{"Becs\u00fclt olvas\u00e1si id\u0151":"2 perc"},"schema":{"@context":"https:\/\/schema.org","@graph":[{"@type":"WebPage","@id":"https:\/\/gardeon.at\/shop\/produkt\/doppelgarage-gardeon-6000x5000mm\/","url":"https:\/\/gardeon.at\/shop\/produkt\/doppelgarage-gardeon-6000x5000mm\/","name":"Doppelgarage GARDEON | 6000 x 5000 mm","isPartOf":{"@id":"https:\/\/gardeon.at\/shop\/#website"},"primaryImageOfPage":{"@id":"https:\/\/gardeon.at\/shop\/produkt\/doppelgarage-gardeon-6000x5000mm\/#primaryimage"},"image":{"@id":"https:\/\/gardeon.at\/shop\/produkt\/doppelgarage-gardeon-6000x5000mm\/#primaryimage"},"thumbnailUrl":"https:\/\/gardeon.at\/shop\/wp-content\/uploads\/2021\/09\/G-155-28\u20135-2020.jpg","datePublished":"2023-05-17T13:24:55+00:00","dateModified":"2026-04-27T06:42:28+00:00","breadcrumb":{"@id":"https:\/\/gardeon.at\/shop\/produkt\/doppelgarage-gardeon-6000x5000mm\/#breadcrumb"},"inLanguage":"hu","potentialAction":[{"@type":"ReadAction","target":["https:\/\/gardeon.at\/shop\/produkt\/doppelgarage-gardeon-6000x5000mm\/"]}]},{"@type":"ImageObject","inLanguage":"hu","@id":"https:\/\/gardeon.at\/shop\/produkt\/doppelgarage-gardeon-6000x5000mm\/#primaryimage","url":"https:\/\/gardeon.at\/shop\/wp-content\/uploads\/2021\/09\/G-155-28\u20135-2020.jpg","contentUrl":"https:\/\/gardeon.at\/shop\/wp-content\/uploads\/2021\/09\/G-155-28\u20135-2020.jpg","width":1500,"height":1000,"caption":"Gar\u00e1\u017e pre dve aut\u00e1 v \u017eltej omietke"},{"@type":"BreadcrumbList","@id":"https:\/\/gardeon.at\/shop\/produkt\/doppelgarage-gardeon-6000x5000mm\/#breadcrumb","itemListElement":[{"@type":"ListItem","position":1,"name":"Online Shop GARDEON","item":"https:\/\/gardeon.at\/shop\/"},{"@type":"ListItem","position":2,"name":"Die Gardeon Produkte auf Bestellung","item":"https:\/\/gardeon.at\/shop\/product-category\/die-gardeon-produkte-auf-bestellung\/"},{"@type":"ListItem","position":3,"name":"Garagen","item":"https:\/\/gardeon.at\/shop\/product-category\/die-gardeon-produkte-auf-bestellung\/garagen\/"},{"@type":"ListItem","position":4,"name":"Garagen f\u00fcr 2 Autos","item":"https:\/\/gardeon.at\/shop\/product-category\/die-gardeon-produkte-auf-bestellung\/garagen\/garagen-fuer-2-autos\/"},{"@type":"ListItem","position":5,"name":"Doppelgarage GARDEON | 6000 x 5000 mm"}]},{"@type":"WebSite","@id":"https:\/\/gardeon.at\/shop\/#website","url":"https:\/\/gardeon.at\/shop\/","name":"Gardeon e-shop","description":"","potentialAction":[{"@type":"SearchAction","target":{"@type":"EntryPoint","urlTemplate":"https:\/\/gardeon.at\/shop\/?s={search_term_string}"},"query-input":{"@type":"PropertyValueSpecification","valueRequired":true,"valueName":"search_term_string"}}],"inLanguage":"hu"}]}},"pll_sync_post":{},"lang":"de-at","translations":{"de-at":4766,"sk":3662,"cs":4071,"de-de":4072,"hu":7214},"_links":{"self":[{"href":"https:\/\/gardeon.at\/shop\/wp-json\/wp\/v2\/product\/4766","targetHints":{"allow":["GET"]}}],"collection":[{"href":"https:\/\/gardeon.at\/shop\/wp-json\/wp\/v2\/product"}],"about":[{"href":"https:\/\/gardeon.at\/shop\/wp-json\/wp\/v2\/types\/product"}],"wp:featuredmedia":[{"embeddable":true,"href":"https:\/\/gardeon.at\/shop\/wp-json\/wp\/v2\/media\/3880"}],"wp:attachment":[{"href":"https:\/\/gardeon.at\/shop\/wp-json\/wp\/v2\/media?parent=4766"}],"wp:term":[{"taxonomy":"product_brand","embeddable":true,"href":"https:\/\/gardeon.at\/shop\/wp-json\/wp\/v2\/product_brand?post=4766"},{"taxonomy":"product_cat","embeddable":true,"href":"https:\/\/gardeon.at\/shop\/wp-json\/wp\/v2\/product_cat?post=4766"},{"taxonomy":"product_tag","embeddable":true,"href":"https:\/\/gardeon.at\/shop\/wp-json\/wp\/v2\/product_tag?post=4766"}],"curies":[{"name":"wp","href":"https:\/\/api.w.org\/{rel}","templated":true}]}}